{"id":5751,"date":"2021-01-09T19:15:28","date_gmt":"2021-01-09T19:15:28","guid":{"rendered":"https:\/\/neptun.sek-werbung.de\/?page_id=5751"},"modified":"2024-05-24T16:22:29","modified_gmt":"2024-05-24T16:22:29","slug":"ueber_uns","status":"publish","type":"page","link":"https:\/\/marinekork.de\/?page_id=5751","title":{"rendered":"\u00dcber uns"},"content":{"rendered":"\t\t<div data-elementor-type=\"wp-page\" data-elementor-id=\"5751\" class=\"elementor elementor-5751\" data-elementor-post-type=\"page\">\n\t\t\t\t<div class=\"elementor-element elementor-element-c94731e e-flex e-con-boxed e-con e-parent\" data-id=\"c94731e\" data-element_type=\"container\" data-e-type=\"container\">\n\t\t\t\t\t<div class=\"e-con-inner\">\n\t\t\t\t<div class=\"elementor-element elementor-element-0bd2130 elementor-widget elementor-widget-heading\" data-id=\"0bd2130\" data-element_type=\"widget\" data-e-type=\"widget\" data-widget_type=\"heading.default\">\n\t\t\t\t<div class=\"elementor-widget-container\">\n\t\t\t\t\t<h3 class=\"elementor-heading-title elementor-size-default\">\u00dcber uns<\/h3>\t\t\t\t<\/div>\n\t\t\t\t<\/div>\n\t\t<div class=\"elementor-element elementor-element-c4e5283 e-con-full e-flex e-con e-child\" data-id=\"c4e5283\" data-element_type=\"container\" data-e-type=\"container\" data-settings=\"{&quot;background_background&quot;:&quot;classic&quot;}\">\n\t\t\t\t<div class=\"elementor-element elementor-element-1e0f384 elementor-widget elementor-widget-text-editor\" data-id=\"1e0f384\" data-element_type=\"widget\" data-e-type=\"widget\" data-widget_type=\"text-editor.default\">\n\t\t\t\t<div class=\"elementor-widget-container\">\n\t\t\t\t\t\t\t\t\t<p><img fetchpriority=\"high\" decoding=\"async\" class=\"alignleft\" src=\"https:\/\/marinekork.de\/wp-content\/uploads\/2021\/04\/JO-185x300.png\" alt=\"Jochen Wilde, Inhaber MarineKork\u00ae\" width=\"185\" height=\"300\" \/><\/p><p>MarineKork\u00ae hat 2011 einen Korkbelag entwickelt, der auf verschiedene Weise als Yachtdeck verwendet werden kann.<br \/>Kork selbst wird ja in der Schifffahrt seit langem eingesetzt, man denke nur an die Schwimmer f\u00fcr Fischernetze, Bojen und Schwimmg\u00fcrtel.<br \/>Ein Lieferant in S\u00fcdeuropa sah sich in der Lage, einen Korkbelag als Platte zu liefern, der die nat\u00fcrlichen Eigenschaften von Kork optimal f\u00fcr unsere Verwendung im maritimen Bereich nutzbar macht.<br \/>Mit Unterst\u00fctzung des werkseigenen Labors wurde eine speziell entwickelte Korkspezifikation als geeignet angesehen, die die Anforderungen seewasserfest, UV-best\u00e4ndig und langlebig erf\u00fcllt.<\/p><p>MarineKork\u00ae hat zus\u00e4tzlich spezielle Werkzeuge, Hilfsmittel und Verfahren entwickelt, mit denen sich das Korkmaterial auch ohne umfangreiche Vorkenntnisse erfolgreich verlegen l\u00e4sst. Wir bieten die Erstellung von Korkdecks als Bausatz, als Halbfertigprodukt sowie auch als verlegefertig geliefertes Deck an.<\/p><p>F\u00fcr die optimalen Ergebnisse unserer verlegefertigen Decks setzen wir modernste digitale Messger\u00e4te und Maschinen ein, die auch eine Serienfertigung von Decks erlauben. Wir selbst scannen ein Deck oder eine angelieferte Schablone.<br \/>Anhand dieses Scans wird das Design des herzustellenden Decks in Abstimmung mit Ihnen entworfen, anschlie\u00dfend werden die Decksegmente CNC-gefr\u00e4st und geschnitten, verklebt, verfugt und geschliffen. Die Verlegung kann in Eigenarbeit, durch uns oder durch einen unserer Partner stattfinden.<\/p><p>Im norddeutschen Raum bieten wir die Verlegung sowie eventuelle weitere Arbeiten zur Yacht\u00fcberholung durch unseren Werftbetrieb <a href=\"http:\/\/www.frag-jochen.de\"><strong>\u201efrag jochen\u201c<\/strong><\/a> an.<\/p><p>Viele Gr\u00fc\u00dfe<\/p><p><img decoding=\"async\" class=\"alignnone\" src=\"https:\/\/marinekork.de\/wp-content\/uploads\/2021\/02\/jw.png\" alt=\"\" width=\"205\" height=\"40\" \/><\/p><p>MarineKork\u00ae<\/p>\t\t\t\t\t\t\t\t<\/div>\n\t\t\t\t<\/div>\n\t\t\t\t<\/div>\n\t\t\t\t\t<\/div>\n\t\t\t\t<\/div>\n\t\t\t\t<\/div>\n\t\t","protected":false},"excerpt":{"rendered":"<p>\u00dcber uns MarineKork\u00ae hat 2011 einen Korkbelag entwickelt, der auf verschiedene Weise als Yachtdeck verwendet werden kann.Kork selbst wird ja in der Schifffahrt seit langem eingesetzt, man denke nur an die Schwimmer f\u00fcr Fischernetze, Bojen und Schwimmg\u00fcrtel.Ein Lieferant in S\u00fcdeuropa sah sich in der Lage, einen Korkbelag als Platte zu liefern, der die nat\u00fcrlichen Eigenschaften [&hellip;]<\/p>\n","protected":false},"author":1,"featured_media":0,"parent":0,"menu_order":0,"comment_status":"closed","ping_status":"closed","template":"elementor_header_footer","meta":{"site-sidebar-layout":"no-sidebar","site-content-layout":"default","ast-site-content-layout":"default","site-content-style":"default","site-sidebar-style":"default","ast-global-header-display":"","ast-banner-title-visibility":"","ast-main-header-display":"","ast-hfb-above-header-display":"","ast-hfb-below-header-display":"","ast-hfb-mobile-header-display":"","site-post-title":"disabled","ast-breadcrumbs-content":"","ast-featured-img":"disabled","footer-sml-layout":"","ast-disable-related-posts":"","theme-transparent-header-meta":"default","adv-header-id-meta":"","stick-header-meta":"","header-above-stick-meta":"","header-main-stick-meta":"","header-below-stick-meta":"","astra-migrate-meta-layouts":"default","ast-page-background-enabled":"default","ast-page-background-meta":{"desktop":{"background-color":"","background-image":"","background-repeat":"repeat","background-position":"center center","background-size":"auto","background-attachment":"scroll","background-type":"","background-media":"","overlay-type":"","overlay-color":"","overlay-opacity":"","overlay-gradient":""},"tablet":{"background-color":"","background-image":"","background-repeat":"repeat","background-position":"center center","background-size":"auto","background-attachment":"scroll","background-type":"","background-media":"","overlay-type":"","overlay-color":"","overlay-opacity":"","overlay-gradient":""},"mobile":{"background-color":"","background-image":"","background-repeat":"repeat","background-position":"center center","background-size":"auto","background-attachment":"scroll","background-type":"","background-media":"","overlay-type":"","overlay-color":"","overlay-opacity":"","overlay-gradient":""}},"ast-content-background-meta":{"desktop":{"background-color":"var(--ast-global-color-5)","background-image":"","background-repeat":"repeat","background-position":"center center","background-size":"auto","background-attachment":"scroll","background-type":"","background-media":"","overlay-type":"","overlay-color":"","overlay-opacity":"","overlay-gradient":""},"tablet":{"background-color":"var(--ast-global-color-5)","background-image":"","background-repeat":"repeat","background-position":"center center","background-size":"auto","background-attachment":"scroll","background-type":"","background-media":"","overlay-type":"","overlay-color":"","overlay-opacity":"","overlay-gradient":""},"mobile":{"background-color":"var(--ast-global-color-5)","background-image":"","background-repeat":"repeat","background-position":"center center","background-size":"auto","background-attachment":"scroll","background-type":"","background-media":"","overlay-type":"","overlay-color":"","overlay-opacity":"","overlay-gradient":""}},"footnotes":""},"class_list":["post-5751","page","type-page","status-publish","hentry"],"_links":{"self":[{"href":"https:\/\/marinekork.de\/index.php?rest_route=\/wp\/v2\/pages\/5751","targetHints":{"allow":["GET"]}}],"collection":[{"href":"https:\/\/marinekork.de\/index.php?rest_route=\/wp\/v2\/pages"}],"about":[{"href":"https:\/\/marinekork.de\/index.php?rest_route=\/wp\/v2\/types\/page"}],"author":[{"embeddable":true,"href":"https:\/\/marinekork.de\/index.php?rest_route=\/wp\/v2\/users\/1"}],"replies":[{"embeddable":true,"href":"https:\/\/marinekork.de\/index.php?rest_route=%2Fwp%2Fv2%2Fcomments&post=5751"}],"version-history":[{"count":103,"href":"https:\/\/marinekork.de\/index.php?rest_route=\/wp\/v2\/pages\/5751\/revisions"}],"predecessor-version":[{"id":8247,"href":"https:\/\/marinekork.de\/index.php?rest_route=\/wp\/v2\/pages\/5751\/revisions\/8247"}],"wp:attachment":[{"href":"https:\/\/marinekork.de\/index.php?rest_route=%2Fwp%2Fv2%2Fmedia&parent=5751"}],"curies":[{"name":"wp","href":"https:\/\/api.w.org\/{rel}","templated":true}]}}