{"id":6743,"date":"2021-05-18T10:09:12","date_gmt":"2021-05-18T10:09:12","guid":{"rendered":"https:\/\/marinekork.de\/?page_id=6743"},"modified":"2023-08-21T11:39:28","modified_gmt":"2023-08-21T11:39:28","slug":"dienstleistung","status":"publish","type":"page","link":"https:\/\/marinekork.de\/?page_id=6743","title":{"rendered":"Dienstleistung"},"content":{"rendered":"\t\t<div data-elementor-type=\"wp-page\" data-elementor-id=\"6743\" class=\"elementor elementor-6743\" data-elementor-post-type=\"page\">\n\t\t\t\t\t\t<section class=\"elementor-section elementor-top-section elementor-element elementor-element-4f8495e elementor-section-boxed elementor-section-height-default elementor-section-height-default\" data-id=\"4f8495e\" data-element_type=\"section\" data-e-type=\"section\">\n\t\t\t\t\t\t<div class=\"elementor-container elementor-column-gap-default\">\n\t\t\t\t\t<div class=\"elementor-column elementor-col-100 elementor-top-column elementor-element elementor-element-51e6af6\" data-id=\"51e6af6\" data-element_type=\"column\" data-e-type=\"column\">\n\t\t\t<div class=\"elementor-widget-wrap elementor-element-populated\">\n\t\t\t\t\t\t<div class=\"elementor-element elementor-element-26e0b10 elementor-widget elementor-widget-heading\" data-id=\"26e0b10\" data-element_type=\"widget\" data-e-type=\"widget\" data-widget_type=\"heading.default\">\n\t\t\t\t<div class=\"elementor-widget-container\">\n\t\t\t\t\t<h3 class=\"elementor-heading-title elementor-size-default\">Dienstleistung<\/h3>\t\t\t\t<\/div>\n\t\t\t\t<\/div>\n\t\t\t\t<div class=\"elementor-element elementor-element-fdf2940 elementor-widget elementor-widget-text-editor\" data-id=\"fdf2940\" data-element_type=\"widget\" data-e-type=\"widget\" data-widget_type=\"text-editor.default\">\n\t\t\t\t<div class=\"elementor-widget-container\">\n\t\t\t\t\t\t\t\t\t<p>Bei uns bekommen sie die passenden L\u00f6sungen f\u00fcr &#8222;Selbermacher&#8220; und f\u00fcr &#8222;Machenlasser&#8220;. Wir bieten alle M\u00f6glichkeiten der Zusammenarbeit. Je nachdem, welche M\u00f6glichkeiten Sie haben, unterst\u00fctzen wir Sie mit Zusatzleistungen nach ihrer Wahl. Egal, ob wir Ihnen beim Verlegen zuschauen, einen Facharbeiter zu Ihrer Hilfe stellen oder nur die Umrandungsfugen machen sollen: Wir kriegen das hin.<\/p><p>Wenn Sie sich ihr neues Deck komplett von uns bauen lassen m\u00f6chten, bekommen Sie den vollen Service: Vom ersten Gespr\u00e4ch bis zur Endmontage arbeiten wir mit ihnen ihre W\u00fcnsche aus. Aufma\u00df mit modernster Technik, Zuschnitt auf unserer CNC Anlage, Layout mit Ihnen abgestimmt, gefertigt und verlegt von uns.<\/p><p>Falls Sie Lust haben, sich ihr Deck selbst zu legen, k\u00f6nnten Sie einen unserer Workshops in unserem Werftbetrieb besuchen, oder Sie lassen sich telefonisch beraten. Nach Absprache gibt es f\u00fcr Sie ebenfalls die M\u00f6glichkeit, mittels Videotelefonie (WhatsApp &amp; Co) Fragen zu Ihrem Boot bzw. der Verlegung live zu besprechen.<\/p><p>Aufgrund meiner Erfahrung als Bootsbauer und langj\u00e4hriger Inhaber eines Werftbetriebes kann ich \u00fcber den Tellerrand &#8222;Korkdeck&#8220; hinausblicken und auch Fragen, die die Umgebung betreffen, beantworten: z.B. Korrosions- und Osmoseschutz oder Oberfl\u00e4chenbeschichtung bzw. Lack.<br \/>Bestellen Sie dann einfach das von Ihnen ben\u00f6tigte Material und verlegen Sie selbst ihr Deck in eigener Regie. Anleitungen wie es geht finden Sie <a href=\"https:\/\/marinekork.de\/shop\/?cat=c2_Anleitungen-anleitungen.html\">hier<\/a> in unserem Webshop. (Der Download ist kostenlos, nachdem Sie sich angemeldet haben).<\/p><p><br \/>Am besten rufen Sie mich an und wir besprechen, wie es f\u00fcr Sie am besten funktioniert.<\/p><ul><li>Rohmaterial zum selbst zuschneiden.<\/li><li>Vorkonfektionierte Ware nach ihren Vorgaben.<\/li><li>Full Service in unserer Werft in Kappeln.<\/li><li>Full Service am Liegeplatz ihres Bootes.<\/li><\/ul>\t\t\t\t\t\t\t\t<\/div>\n\t\t\t\t<\/div>\n\t\t\t\t<div class=\"elementor-element elementor-element-60f8cc0 elementor-widget elementor-widget-heading\" data-id=\"60f8cc0\" data-element_type=\"widget\" data-e-type=\"widget\" data-widget_type=\"heading.default\">\n\t\t\t\t<div class=\"elementor-widget-container\">\n\t\t\t\t\t<h3 class=\"elementor-heading-title elementor-size-default\">Wir verlegen ihr Deck in unserer Werft<\/h3>\t\t\t\t<\/div>\n\t\t\t\t<\/div>\n\t\t\t\t<section class=\"elementor-section elementor-inner-section elementor-element elementor-element-ddd770d elementor-section-boxed elementor-section-height-default elementor-section-height-default\" data-id=\"ddd770d\" data-element_type=\"section\" data-e-type=\"section\">\n\t\t\t\t\t\t<div class=\"elementor-container elementor-column-gap-default\">\n\t\t\t\t\t<div class=\"elementor-column elementor-col-50 elementor-inner-column elementor-element elementor-element-0278ca2\" data-id=\"0278ca2\" data-element_type=\"column\" data-e-type=\"column\">\n\t\t\t<div class=\"elementor-widget-wrap elementor-element-populated\">\n\t\t\t\t\t\t<div class=\"elementor-element elementor-element-163756e elementor-widget elementor-widget-image\" data-id=\"163756e\" data-element_type=\"widget\" data-e-type=\"widget\" data-widget_type=\"image.default\">\n\t\t\t\t<div class=\"elementor-widget-container\">\n\t\t\t\t\t\t\t\t\t\t\t\t\t\t\t<img fetchpriority=\"high\" decoding=\"async\" width=\"1000\" height=\"1000\" src=\"https:\/\/marinekork.de\/wp-content\/uploads\/2021\/01\/Set-1-fuer-Gehrungsfugen.jpg\" class=\"attachment-large size-large wp-image-3744\" alt=\"\" srcset=\"https:\/\/marinekork.de\/wp-content\/uploads\/2021\/01\/Set-1-fuer-Gehrungsfugen.jpg 1000w, https:\/\/marinekork.de\/wp-content\/uploads\/2021\/01\/Set-1-fuer-Gehrungsfugen-300x300.jpg 300w, https:\/\/marinekork.de\/wp-content\/uploads\/2021\/01\/Set-1-fuer-Gehrungsfugen-150x150.jpg 150w, https:\/\/marinekork.de\/wp-content\/uploads\/2021\/01\/Set-1-fuer-Gehrungsfugen-768x768.jpg 768w\" sizes=\"(max-width: 1000px) 100vw, 1000px\" \/>\t\t\t\t\t\t\t\t\t\t\t\t\t\t\t<\/div>\n\t\t\t\t<\/div>\n\t\t\t\t\t<\/div>\n\t\t<\/div>\n\t\t\t\t<div class=\"elementor-column elementor-col-50 elementor-inner-column elementor-element elementor-element-b9aed21\" data-id=\"b9aed21\" data-element_type=\"column\" data-e-type=\"column\" data-settings=\"{&quot;background_background&quot;:&quot;classic&quot;}\">\n\t\t\t<div class=\"elementor-widget-wrap elementor-element-populated\">\n\t\t\t\t\t\t<div class=\"elementor-element elementor-element-c52397b elementor-widget elementor-widget-heading\" data-id=\"c52397b\" data-element_type=\"widget\" data-e-type=\"widget\" data-widget_type=\"heading.default\">\n\t\t\t\t<div class=\"elementor-widget-container\">\n\t\t\t\t\t<h3 class=\"elementor-heading-title elementor-size-default\">Spezielles Werkzeug<\/h3>\t\t\t\t<\/div>\n\t\t\t\t<\/div>\n\t\t\t\t<div class=\"elementor-element elementor-element-86b54bc elementor-widget-divider--view-line elementor-widget elementor-widget-divider\" data-id=\"86b54bc\" data-element_type=\"widget\" data-e-type=\"widget\" data-widget_type=\"divider.default\">\n\t\t\t\t<div class=\"elementor-widget-container\">\n\t\t\t\t\t\t\t<div class=\"elementor-divider\">\n\t\t\t<span class=\"elementor-divider-separator\">\n\t\t\t\t\t\t<\/span>\n\t\t<\/div>\n\t\t\t\t\t\t<\/div>\n\t\t\t\t<\/div>\n\t\t\t\t<div class=\"elementor-element elementor-element-f3310e0 elementor-widget elementor-widget-text-editor\" data-id=\"f3310e0\" data-element_type=\"widget\" data-e-type=\"widget\" data-widget_type=\"text-editor.default\">\n\t\t\t\t<div class=\"elementor-widget-container\">\n\t\t\t\t\t\t\t\t\t<p>Wer einen &#8222;Dremel&#8220; hat, der wird sich \u00fcber dieses praktische Set freuen.<br \/>Es besteht aus einem Fr\u00e4skorb mit einem flachen Einsatz und einem Fr\u00e4ser mit aufgepresster Transportschnecke. Es ist dazu gedacht, praktisch ohne Verletzungsgefahr Fugen in Laibleisten, Mittelfischen und mit Hilfe der Anlegeschablone Gehrungen anzubringen. Gerade und exakt wie vom Profi.<\/p><p>Sie k\u00f6nnen an Ort und Stelle die Fr\u00e4sungen vornehmen und m\u00fcssen nicht st\u00e4ndig Schiff rauf und Schiff runter. <br \/>Gehrungsschablone und Fr\u00e4skorb sind aus eloxiertem Alu gefertigt.<\/p><p><strong><a href=\"https:\/\/marinekork.de\/shop\/?cat=c23_Werkzeuge-werkzeuge.html\">Im Shop kaufen<\/a><\/strong><\/p>\t\t\t\t\t\t\t\t<\/div>\n\t\t\t\t<\/div>\n\t\t\t\t\t<\/div>\n\t\t<\/div>\n\t\t\t\t\t<\/div>\n\t\t<\/section>\n\t\t\t\t<section class=\"elementor-section elementor-inner-section elementor-element elementor-element-fa24a2a elementor-section-boxed elementor-section-height-default elementor-section-height-default\" data-id=\"fa24a2a\" data-element_type=\"section\" data-e-type=\"section\">\n\t\t\t\t\t\t<div class=\"elementor-container elementor-column-gap-default\">\n\t\t\t\t\t<div class=\"elementor-column elementor-col-50 elementor-inner-column elementor-element elementor-element-0e68a95\" data-id=\"0e68a95\" data-element_type=\"column\" data-e-type=\"column\">\n\t\t\t<div class=\"elementor-widget-wrap elementor-element-populated\">\n\t\t\t\t\t\t<div class=\"elementor-element elementor-element-47b3088 elementor-widget elementor-widget-heading\" data-id=\"47b3088\" data-element_type=\"widget\" data-e-type=\"widget\" data-widget_type=\"heading.default\">\n\t\t\t\t<div class=\"elementor-widget-container\">\n\t\t\t\t\t<h3 class=\"elementor-heading-title elementor-size-default\">Zuschnittplatten<\/h3>\t\t\t\t<\/div>\n\t\t\t\t<\/div>\n\t\t\t\t<div class=\"elementor-element elementor-element-2291008 elementor-widget-divider--view-line elementor-widget elementor-widget-divider\" data-id=\"2291008\" data-element_type=\"widget\" data-e-type=\"widget\" data-widget_type=\"divider.default\">\n\t\t\t\t<div class=\"elementor-widget-container\">\n\t\t\t\t\t\t\t<div class=\"elementor-divider\">\n\t\t\t<span class=\"elementor-divider-separator\">\n\t\t\t\t\t\t<\/span>\n\t\t<\/div>\n\t\t\t\t\t\t<\/div>\n\t\t\t\t<\/div>\n\t\t\t\t<div class=\"elementor-element elementor-element-c5f8ef1 elementor-widget elementor-widget-text-editor\" data-id=\"c5f8ef1\" data-element_type=\"widget\" data-e-type=\"widget\" data-widget_type=\"text-editor.default\">\n\t\t\t\t<div class=\"elementor-widget-container\">\n\t\t\t\t\t\t\t\t\t<p>Einzusetzen \u00fcberall da, wo die Fugen parallel zur Mittschiffslinie laufen. Die Platten haben eine Grundgr\u00f6\u00dfe von 900 x 2000 mm, es gibt aber auch halbe und viertel Platten.<br \/>Die Fugen werden in unserer Produktion mit einer CNC-Maschine gefr\u00e4st und bekommen auf Wunsch an den Enden ihren Marinekork\u00ae-speziellen Wellenschnitt, damit die Fugen beim Hintereinanderlegen von mehreren Platten exakt ohne Versatz laufen und problemlos geklebt werden k\u00f6nnen.<br \/>Standardm\u00e4\u00dfig entsteht so alle 45 mm eine 5 mm breite und ca. 4 mm tiefe Nut. <br \/>Das ergibt auf einer Platte 18 Segmente mit jeweils 50 mm Breite.<\/p><p><strong><a href=\"https:\/\/marinekork.de\/shop\/?cat=c5_Marinekork---Elemente-marinekork-elemente.html\">Zum Shop<\/a><\/strong><\/p>\t\t\t\t\t\t\t\t<\/div>\n\t\t\t\t<\/div>\n\t\t\t\t\t<\/div>\n\t\t<\/div>\n\t\t\t\t<div class=\"elementor-column elementor-col-50 elementor-inner-column elementor-element elementor-element-7c4b4e9\" data-id=\"7c4b4e9\" data-element_type=\"column\" data-e-type=\"column\">\n\t\t\t<div class=\"elementor-widget-wrap elementor-element-populated\">\n\t\t\t\t\t\t<div class=\"elementor-element elementor-element-64bd323 elementor-widget elementor-widget-image\" data-id=\"64bd323\" data-element_type=\"widget\" data-e-type=\"widget\" data-widget_type=\"image.default\">\n\t\t\t\t<div class=\"elementor-widget-container\">\n\t\t\t\t\t\t\t\t\t\t\t\t\t\t\t<img decoding=\"async\" width=\"1024\" height=\"768\" src=\"https:\/\/marinekork.de\/wp-content\/uploads\/2021\/01\/1-2-scaled-1-1024x768.jpg\" class=\"attachment-large size-large wp-image-5868\" alt=\"\" srcset=\"https:\/\/marinekork.de\/wp-content\/uploads\/2021\/01\/1-2-scaled-1-1024x768.jpg 1024w, https:\/\/marinekork.de\/wp-content\/uploads\/2021\/01\/1-2-scaled-1-300x225.jpg 300w, https:\/\/marinekork.de\/wp-content\/uploads\/2021\/01\/1-2-scaled-1-768x576.jpg 768w, https:\/\/marinekork.de\/wp-content\/uploads\/2021\/01\/1-2-scaled-1-1536x1152.jpg 1536w, https:\/\/marinekork.de\/wp-content\/uploads\/2021\/01\/1-2-scaled-1-2048x1536.jpg 2048w, https:\/\/marinekork.de\/wp-content\/uploads\/2021\/01\/1-2-scaled-1-1568x1176.jpg 1568w\" sizes=\"(max-width: 1024px) 100vw, 1024px\" \/>\t\t\t\t\t\t\t\t\t\t\t\t\t\t\t<\/div>\n\t\t\t\t<\/div>\n\t\t\t\t\t<\/div>\n\t\t<\/div>\n\t\t\t\t\t<\/div>\n\t\t<\/section>\n\t\t\t\t\t<\/div>\n\t\t<\/div>\n\t\t\t\t\t<\/div>\n\t\t<\/section>\n\t\t\t\t<\/div>\n\t\t","protected":false},"excerpt":{"rendered":"<p>Dienstleistung Bei uns bekommen sie die passenden L\u00f6sungen f\u00fcr &#8222;Selbermacher&#8220; und f\u00fcr &#8222;Machenlasser&#8220;. Wir bieten alle M\u00f6glichkeiten der Zusammenarbeit. Je nachdem, welche M\u00f6glichkeiten Sie haben, unterst\u00fctzen wir Sie mit Zusatzleistungen nach ihrer Wahl. Egal, ob wir Ihnen beim Verlegen zuschauen, einen Facharbeiter zu Ihrer Hilfe stellen oder nur die Umrandungsfugen machen sollen: Wir kriegen das [&hellip;]<\/p>\n","protected":false},"author":2,"featured_media":0,"parent":0,"menu_order":0,"comment_status":"closed","ping_status":"closed","template":"elementor_header_footer","meta":{"site-sidebar-layout":"no-sidebar","site-content-layout":"page-builder","ast-site-content-layout":"default","site-content-style":"default","site-sidebar-style":"default","ast-global-header-display":"","ast-banner-title-visibility":"","ast-main-header-display":"","ast-hfb-above-header-display":"","ast-hfb-below-header-display":"","ast-hfb-mobile-header-display":"","site-post-title":"disabled","ast-breadcrumbs-content":"","ast-featured-img":"disabled","footer-sml-layout":"","ast-disable-related-posts":"","theme-transparent-header-meta":"default","adv-header-id-meta":"","stick-header-meta":"","header-above-stick-meta":"","header-main-stick-meta":"","header-below-stick-meta":"","astra-migrate-meta-layouts":"default","ast-page-background-enabled":"default","ast-page-background-meta":{"desktop":{"background-color":"","background-image":"","background-repeat":"repeat","background-position":"center center","background-size":"auto","background-attachment":"scroll","background-type":"","background-media":"","overlay-type":"","overlay-color":"","overlay-opacity":"","overlay-gradient":""},"tablet":{"background-color":"","background-image":"","background-repeat":"repeat","background-position":"center center","background-size":"auto","background-attachment":"scroll","background-type":"","background-media":"","overlay-type":"","overlay-color":"","overlay-opacity":"","overlay-gradient":""},"mobile":{"background-color":"","background-image":"","background-repeat":"repeat","background-position":"center center","background-size":"auto","background-attachment":"scroll","background-type":"","background-media":"","overlay-type":"","overlay-color":"","overlay-opacity":"","overlay-gradient":""}},"ast-content-background-meta":{"desktop":{"background-color":"var(--ast-global-color-5)","background-image":"","background-repeat":"repeat","background-position":"center center","background-size":"auto","background-attachment":"scroll","background-type":"","background-media":"","overlay-type":"","overlay-color":"","overlay-opacity":"","overlay-gradient":""},"tablet":{"background-color":"var(--ast-global-color-5)","background-image":"","background-repeat":"repeat","background-position":"center center","background-size":"auto","background-attachment":"scroll","background-type":"","background-media":"","overlay-type":"","overlay-color":"","overlay-opacity":"","overlay-gradient":""},"mobile":{"background-color":"var(--ast-global-color-5)","background-image":"","background-repeat":"repeat","background-position":"center center","background-size":"auto","background-attachment":"scroll","background-type":"","background-media":"","overlay-type":"","overlay-color":"","overlay-opacity":"","overlay-gradient":""}},"footnotes":""},"class_list":["post-6743","page","type-page","status-publish","hentry"],"_links":{"self":[{"href":"https:\/\/marinekork.de\/index.php?rest_route=\/wp\/v2\/pages\/6743","targetHints":{"allow":["GET"]}}],"collection":[{"href":"https:\/\/marinekork.de\/index.php?rest_route=\/wp\/v2\/pages"}],"about":[{"href":"https:\/\/marinekork.de\/index.php?rest_route=\/wp\/v2\/types\/page"}],"author":[{"embeddable":true,"href":"https:\/\/marinekork.de\/index.php?rest_route=\/wp\/v2\/users\/2"}],"replies":[{"embeddable":true,"href":"https:\/\/marinekork.de\/index.php?rest_route=%2Fwp%2Fv2%2Fcomments&post=6743"}],"version-history":[{"count":108,"href":"https:\/\/marinekork.de\/index.php?rest_route=\/wp\/v2\/pages\/6743\/revisions"}],"predecessor-version":[{"id":8018,"href":"https:\/\/marinekork.de\/index.php?rest_route=\/wp\/v2\/pages\/6743\/revisions\/8018"}],"wp:attachment":[{"href":"https:\/\/marinekork.de\/index.php?rest_route=%2Fwp%2Fv2%2Fmedia&parent=6743"}],"curies":[{"name":"wp","href":"https:\/\/api.w.org\/{rel}","templated":true}]}}